{"id":142,"date":"2018-08-18T21:23:11","date_gmt":"2018-08-18T20:23:11","guid":{"rendered":"http:\/\/tousazimuts-asso.fr\/?page_id=142"},"modified":"2025-08-28T16:36:15","modified_gmt":"2025-08-28T15:36:15","slug":"page-1-2","status":"publish","type":"page","link":"http:\/\/tousazimuts-asso.fr\/index.php\/nos-activites\/page-1-2\/","title":{"rendered":"Conditions et tarifs"},"content":{"rendered":"\n<p>Il est possible de nous rejoindre et de s&rsquo;inscrire \u00e0 un atelier tout au long de l&rsquo;ann\u00e9e.<\/p>\n<p><strong>Adh\u00e9sion :<\/strong><\/p>\n<p><em>Adh\u00e9sion adulte :<\/em> 35\u20ac \/ ann\u00e9e scolaire (adh\u00e9sion en cours d&rsquo;ann\u00e9e et voyage : nous consulter)<\/p>\n<p><em>Adh\u00e9sion enfant &#8211; famille :<\/em> 35\u20ac \/ ann\u00e9e scolaire (1 parent, participant ou non \u00e0 des ateliers, et tous les enfants de la famille inscrits \u00e0 un atelier)<\/p>\n<p>\u00a0<\/p>\n<p><strong>Tarif des ateliers de langues :<\/strong><\/p>\n<p><em>Adulte et enfant :<\/em> 195\u20ac \/ ann\u00e9e scolaire.<\/p>\n<p>Le 1er atelier est sans engagement : seule la contribution de 7\u20ac est requise, l\u2019adh\u00e9sion ne sera demand\u00e9e qu\u2019en cas d\u2019inscription \u00e0 un atelier.<\/p>\n<p><a href=\"https:\/\/tousazimuts-asso.fr\/index.php\/2025\/08\/28\/festilangues-2025\/\">R\u00e8glement int\u00e9rieur Tous Azimuts 2025-2026<\/a><\/p>\n<p><a href=\"http:\/\/tousazimuts-asso.fr\/wp-content\/uploads\/2025\/08\/Charte-TA-2025-26.pdf\">Charte Tous Azimuts 2025-2026<\/a><\/p>\n","protected":false},"excerpt":{"rendered":"<p>Il est possible de nous rejoindre et de s&rsquo;inscrire \u00e0 un atelier tout au long de l&rsquo;ann\u00e9e. Adh\u00e9sion : Adh\u00e9sion adulte : 35\u20ac \/ ann\u00e9e scolaire (adh\u00e9sion en cours d&rsquo;ann\u00e9e et voyage : nous consulter) Adh\u00e9sion enfant &#8211; famille : 35\u20ac \/ ann\u00e9e scolaire (1 parent, participant ou non \u00e0 des ateliers, et tous les [&hellip;]<\/p>\n","protected":false},"author":1,"featured_media":0,"parent":972,"menu_order":2,"comment_status":"closed","ping_status":"closed","template":"","meta":[],"_links":{"self":[{"href":"http:\/\/tousazimuts-asso.fr\/index.php\/wp-json\/wp\/v2\/pages\/142"}],"collection":[{"href":"http:\/\/tousazimuts-asso.fr\/index.php\/wp-json\/wp\/v2\/pages"}],"about":[{"href":"http:\/\/tousazimuts-asso.fr\/index.php\/wp-json\/wp\/v2\/types\/page"}],"author":[{"embeddable":true,"href":"http:\/\/tousazimuts-asso.fr\/index.php\/wp-json\/wp\/v2\/users\/1"}],"replies":[{"embeddable":true,"href":"http:\/\/tousazimuts-asso.fr\/index.php\/wp-json\/wp\/v2\/comments?post=142"}],"version-history":[{"count":26,"href":"http:\/\/tousazimuts-asso.fr\/index.php\/wp-json\/wp\/v2\/pages\/142\/revisions"}],"predecessor-version":[{"id":3768,"href":"http:\/\/tousazimuts-asso.fr\/index.php\/wp-json\/wp\/v2\/pages\/142\/revisions\/3768"}],"up":[{"embeddable":true,"href":"http:\/\/tousazimuts-asso.fr\/index.php\/wp-json\/wp\/v2\/pages\/972"}],"wp:attachment":[{"href":"http:\/\/tousazimuts-asso.fr\/index.php\/wp-json\/wp\/v2\/media?parent=142"}],"curies":[{"name":"wp","href":"https:\/\/api.w.org\/{rel}","templated":true}]}}