{"id":3311,"date":"2019-09-06T14:15:55","date_gmt":"2019-09-06T13:15:55","guid":{"rendered":"http:\/\/tousazimuts-asso.fr\/?page_id=3311"},"modified":"2025-08-28T16:45:02","modified_gmt":"2025-08-28T15:45:02","slug":"expression-orale-en-chantant","status":"publish","type":"page","link":"http:\/\/tousazimuts-asso.fr\/index.php\/autres-activites\/expression-orale-en-chantant\/","title":{"rendered":"Expression orale en chantant"},"content":{"rendered":"<p>Pour am\u00e9liorer et entra\u00eener son \u00e9locution, sa prononciation, son expression orale, en chantant dans plusieurs langues.<\/p>\n<p>Possibilit\u00e9 de mise en place de l&rsquo;atelier suivant la demande.<\/p>\n","protected":false},"excerpt":{"rendered":"<p>Pour am\u00e9liorer et entra\u00eener son \u00e9locution, sa prononciation, son expression orale, en chantant dans plusieurs langues. Possibilit\u00e9 de mise en place de l&rsquo;atelier suivant la demande.<\/p>\n","protected":false},"author":1,"featured_media":0,"parent":3304,"menu_order":0,"comment_status":"closed","ping_status":"closed","template":"","meta":[],"_links":{"self":[{"href":"http:\/\/tousazimuts-asso.fr\/index.php\/wp-json\/wp\/v2\/pages\/3311"}],"collection":[{"href":"http:\/\/tousazimuts-asso.fr\/index.php\/wp-json\/wp\/v2\/pages"}],"about":[{"href":"http:\/\/tousazimuts-asso.fr\/index.php\/wp-json\/wp\/v2\/types\/page"}],"author":[{"embeddable":true,"href":"http:\/\/tousazimuts-asso.fr\/index.php\/wp-json\/wp\/v2\/users\/1"}],"replies":[{"embeddable":true,"href":"http:\/\/tousazimuts-asso.fr\/index.php\/wp-json\/wp\/v2\/comments?post=3311"}],"version-history":[{"count":4,"href":"http:\/\/tousazimuts-asso.fr\/index.php\/wp-json\/wp\/v2\/pages\/3311\/revisions"}],"predecessor-version":[{"id":3772,"href":"http:\/\/tousazimuts-asso.fr\/index.php\/wp-json\/wp\/v2\/pages\/3311\/revisions\/3772"}],"up":[{"embeddable":true,"href":"http:\/\/tousazimuts-asso.fr\/index.php\/wp-json\/wp\/v2\/pages\/3304"}],"wp:attachment":[{"href":"http:\/\/tousazimuts-asso.fr\/index.php\/wp-json\/wp\/v2\/media?parent=3311"}],"curies":[{"name":"wp","href":"https:\/\/api.w.org\/{rel}","templated":true}]}}