{"id":3267,"date":"2019-09-06T12:07:43","date_gmt":"2019-09-06T11:07:43","guid":{"rendered":"http:\/\/tousazimuts-asso.fr\/?page_id=3267"},"modified":"2023-08-05T09:23:52","modified_gmt":"2023-08-05T08:23:52","slug":"partenaires","status":"publish","type":"page","link":"https:\/\/tousazimuts-asso.fr\/index.php\/partenaires\/","title":{"rendered":"Partenaires"},"content":{"rendered":"<p><strong>Communication :<\/strong><\/p>\n<p><a href=\"http:\/\/www.studioludo.com\/\" target=\"_blank\" rel=\"noopener noreferrer\">Studio Ludo<\/a> imprime nos affiches, banderoles, kakemonos&#8230;<\/p>\n<p>Le Menu du Studio r\u00e9alise les vid\u00e9os de nos \u00e9v\u00e8nements, consultables sur sa chaine <a href=\"https:\/\/www.youtube.com\/channel\/UCVGPUWXHn_q02_RkZk4MMAA\/featured\" target=\"_blank\" rel=\"noopener noreferrer\">YouTube<\/a><\/p>\n<p><strong>Partenaires de l&rsquo;ensemble de nos activit\u00e9s :<\/strong><\/p>\n<p><a href=\"http:\/\/maisondesprojets-csc86.org\/\" target=\"_blank\" rel=\"noopener noreferrer\">La Maison des Projets<\/a> \u00e0 Buxerolles<\/p>\n<p><a href=\"https:\/\/www.buxerolles.fr\/\" target=\"_blank\" rel=\"noopener noreferrer\">La Mairie de Buxerolles<\/a><\/p>\n<p><a href=\"http:\/\/www.lelocal.asso.fr\/\" target=\"_blank\" rel=\"noopener noreferrer\">Le Local<\/a> \u00e0 Poitiers<\/p>\n<p><a href=\"http:\/\/www.animation.couronneries.fr\/\" target=\"_blank\" rel=\"noopener noreferrer\">Le Centre d&rsquo;Animation des Couronneries<\/a> \u00e0 Poitiers<\/p>\n<p><a href=\"https:\/\/www.tierslieudesfeuillants.fr\/\" target=\"_blank\" rel=\"noopener\">Le Tiers Lieu des Feuillants<\/a>\u00a0\u00e0 Poitiers<\/p>\n<p><a href=\"https:\/\/www.facebook.com\/laloco86\/?locale=fr_FR\" target=\"_blank\" rel=\"noopener\">La Locomotive <\/a>\u00e0 Poitiers<\/p>\n<p><strong>Partenaires Festi&rsquo;Langues :<\/strong><\/p>\n<p><a href=\"https:\/\/www.magasins-u.com\/magasin\/superu-buxerolles\" target=\"_blank\" rel=\"noopener noreferrer\">Super U<\/a> Buxerolles<\/p>\n<p><a href=\"https:\/\/www.lanouvellerepublique.fr\/\" target=\"_blank\" rel=\"noopener noreferrer\">La Nouvelle R\u00e9publique<\/a><\/p>\n<p><a href=\"https:\/\/www.affichehebdo.fr\/\" target=\"_blank\" rel=\"noopener noreferrer\">Affiche Hebdo<\/a><\/p>\n<p><strong>Associations partenaires Festi&rsquo;Langues :<\/strong><\/p>\n<p><a href=\"https:\/\/tocadanses.wixsite.com\/tocadanses\" target=\"_blank\" rel=\"noopener noreferrer\">Tocadanses<\/a><\/p>\n<p><a href=\"http:\/\/association-armenienne-hayerdepoitou.blogspot.com\/\" target=\"_blank\" rel=\"noopener noreferrer\">Hayer de Poitou<\/a><\/p>\n<p><a href=\"https:\/\/poitinnangael.webflow.io\/\" target=\"_blank\" rel=\"noopener noreferrer\">Poitin na nGael<\/a><\/p>\n<p><a href=\"https:\/\/www.institutpetitdragon.org\/\" target=\"_blank\" rel=\"noopener noreferrer\">Institut du Petit Dragon &#8211; Xiaolong<\/a><\/p>\n<p><a href=\"http:\/\/maisonpersane.fr\/\">Maison Persane<\/a><\/p>\n<p><a href=\"https:\/\/www.taifali.org\/site\/\" target=\"_blank\" rel=\"noopener noreferrer\">Les Taifali<\/a><\/p>\n<p><a href=\"https:\/\/afc-poitiers.asso-web.com\/\" target=\"_blank\" rel=\"noopener noreferrer\">Amiti\u00e9s France-Chine Poitiers<\/a><\/p>\n<p><a href=\"http:\/\/flamenco-poitiers.blogspot.com\/\" target=\"_blank\" rel=\"noopener noreferrer\">Pe\u00f1a flamenca El Alma<\/a><\/p>\n<p><a href=\"https:\/\/www.ic-up.org\/ICUP\" target=\"_blank\" rel=\"noopener noreferrer\">Institut Confucius de Poitiers<\/a><\/p>\n<p><a href=\"https:\/\/mouvement-europeen.eu\/vienne\/\" target=\"_blank\" rel=\"noopener noreferrer\">Mouvement Europ\u00e9en 86<\/a><\/p>\n","protected":false},"excerpt":{"rendered":"<p>Communication : Studio Ludo imprime nos affiches, banderoles, kakemonos&#8230; Le Menu du Studio r\u00e9alise les vid\u00e9os de nos \u00e9v\u00e8nements, consultables sur sa chaine YouTube Partenaires de l&rsquo;ensemble de nos activit\u00e9s : La Maison des Projets \u00e0 Buxerolles La Mairie de Buxerolles Le Local \u00e0 Poitiers Le Centre d&rsquo;Animation des Couronneries \u00e0 Poitiers Le Tiers Lieu [&hellip;]<\/p>\n","protected":false},"author":1,"featured_media":0,"parent":0,"menu_order":0,"comment_status":"closed","ping_status":"closed","template":"","meta":[],"_links":{"self":[{"href":"https:\/\/tousazimuts-asso.fr\/index.php\/wp-json\/wp\/v2\/pages\/3267"}],"collection":[{"href":"https:\/\/tousazimuts-asso.fr\/index.php\/wp-json\/wp\/v2\/pages"}],"about":[{"href":"https:\/\/tousazimuts-asso.fr\/index.php\/wp-json\/wp\/v2\/types\/page"}],"author":[{"embeddable":true,"href":"https:\/\/tousazimuts-asso.fr\/index.php\/wp-json\/wp\/v2\/users\/1"}],"replies":[{"embeddable":true,"href":"https:\/\/tousazimuts-asso.fr\/index.php\/wp-json\/wp\/v2\/comments?post=3267"}],"version-history":[{"count":8,"href":"https:\/\/tousazimuts-asso.fr\/index.php\/wp-json\/wp\/v2\/pages\/3267\/revisions"}],"predecessor-version":[{"id":3649,"href":"https:\/\/tousazimuts-asso.fr\/index.php\/wp-json\/wp\/v2\/pages\/3267\/revisions\/3649"}],"wp:attachment":[{"href":"https:\/\/tousazimuts-asso.fr\/index.php\/wp-json\/wp\/v2\/media?parent=3267"}],"curies":[{"name":"wp","href":"https:\/\/api.w.org\/{rel}","templated":true}]}}