{"id":3273,"date":"2019-09-06T12:29:29","date_gmt":"2019-09-06T11:29:29","guid":{"rendered":"http:\/\/tousazimuts-asso.fr\/?page_id=3273"},"modified":"2025-08-28T17:42:18","modified_gmt":"2025-08-28T16:42:18","slug":"festilangues","status":"publish","type":"page","link":"https:\/\/tousazimuts-asso.fr\/index.php\/festilangues\/","title":{"rendered":"FestiLangues"},"content":{"rendered":"\n<p style=\"text-align: left;\">Le samedi 20 septembre 2025, nous vous attendons \u00e0 la Maison des Projets de Buxerolles de 10h \u00e0 18h pour une journ\u00e9e sous le signe des langues et des cultures.<\/p>\n<p><strong>L&rsquo;entr\u00e9e sur le site est gratuite<\/strong> (espace des stands, concert de musique irlandaise) ; pour toutes les initiations, d\u00e9monstrations \u00e0 un atelier, il vous sera demand\u00e9 de verser 1\u20ac symbolique.<\/p>\n<p>Vous pourrez vous initier \u00e0 plusieurs langues, ainsi qu&rsquo;au yoga et \u00e0 l\u2019\u0153nologie. Une grande partie des intervenants b\u00e9n\u00e9voles et natifs qui vous feront d\u00e9couvrir leur langue et leur culture dispensent des cours r\u00e9guliers \u00e0 Tous Azimuts ou dans les associations partenaires.<\/p>\n<p>Les inscriptions aux initiations pourront se faire le jour m\u00eame \u00e0 l&rsquo;accueil, mais le nombre de places \u00e9tant limit\u00e9, nous vous conseillons fortement de vous inscrire au pr\u00e9alable \u00e0 <a href=\"mailto:festilangues@tousazimuts-asso.fr\">festilangues@tousazimuts-asso.fr.<\/a><\/p>\n<p><img loading=\"lazy\" class=\"size-large wp-image-3736 aligncenter\" src=\"http:\/\/tousazimuts-asso.fr\/wp-content\/uploads\/2025\/08\/affiche-FL-724x1024.jpg\" alt=\"\" width=\"656\" height=\"928\" srcset=\"https:\/\/tousazimuts-asso.fr\/wp-content\/uploads\/2025\/08\/affiche-FL-724x1024.jpg 724w, https:\/\/tousazimuts-asso.fr\/wp-content\/uploads\/2025\/08\/affiche-FL-212x300.jpg 212w, https:\/\/tousazimuts-asso.fr\/wp-content\/uploads\/2025\/08\/affiche-FL-768x1086.jpg 768w, https:\/\/tousazimuts-asso.fr\/wp-content\/uploads\/2025\/08\/affiche-FL-1086x1536.jpg 1086w, https:\/\/tousazimuts-asso.fr\/wp-content\/uploads\/2025\/08\/affiche-FL.jpg 1200w\" sizes=\"(max-width: 656px) 100vw, 656px\" \/><\/p>\n","protected":false},"excerpt":{"rendered":"<p>Le samedi 20 septembre 2025, nous vous attendons \u00e0 la Maison des Projets de Buxerolles de 10h \u00e0 18h pour une journ\u00e9e sous le signe des langues et des cultures. L&rsquo;entr\u00e9e sur le site est gratuite (espace des stands, concert de musique irlandaise) ; pour toutes les initiations, d\u00e9monstrations \u00e0 un atelier, il vous sera [&hellip;]<\/p>\n","protected":false},"author":1,"featured_media":0,"parent":0,"menu_order":0,"comment_status":"closed","ping_status":"closed","template":"","meta":[],"_links":{"self":[{"href":"https:\/\/tousazimuts-asso.fr\/index.php\/wp-json\/wp\/v2\/pages\/3273"}],"collection":[{"href":"https:\/\/tousazimuts-asso.fr\/index.php\/wp-json\/wp\/v2\/pages"}],"about":[{"href":"https:\/\/tousazimuts-asso.fr\/index.php\/wp-json\/wp\/v2\/types\/page"}],"author":[{"embeddable":true,"href":"https:\/\/tousazimuts-asso.fr\/index.php\/wp-json\/wp\/v2\/users\/1"}],"replies":[{"embeddable":true,"href":"https:\/\/tousazimuts-asso.fr\/index.php\/wp-json\/wp\/v2\/comments?post=3273"}],"version-history":[{"count":16,"href":"https:\/\/tousazimuts-asso.fr\/index.php\/wp-json\/wp\/v2\/pages\/3273\/revisions"}],"predecessor-version":[{"id":3800,"href":"https:\/\/tousazimuts-asso.fr\/index.php\/wp-json\/wp\/v2\/pages\/3273\/revisions\/3800"}],"wp:attachment":[{"href":"https:\/\/tousazimuts-asso.fr\/index.php\/wp-json\/wp\/v2\/media?parent=3273"}],"curies":[{"name":"wp","href":"https:\/\/api.w.org\/{rel}","templated":true}]}}