{"id":3276,"date":"2019-09-06T12:29:46","date_gmt":"2019-09-06T11:29:46","guid":{"rendered":"http:\/\/tousazimuts-asso.fr\/?page_id=3276"},"modified":"2025-08-28T16:46:33","modified_gmt":"2025-08-28T15:46:33","slug":"voyages","status":"publish","type":"page","link":"https:\/\/tousazimuts-asso.fr\/index.php\/autres-activites\/voyages\/","title":{"rendered":"Voyages"},"content":{"rendered":"\n<p>Chaque ann\u00e9e, l&rsquo;\u00e9quipe de Tous Azimuts propose un voyage \u00e0 ses adh\u00e9rents et leur famille, pendant les vacances de printemps. Les destinations propos\u00e9es sont prioritairement des pays parlant les langues pratiqu\u00e9es dans les ateliers. L&rsquo;intervenant de la langue concern\u00e9e est alors notre guide et traducteur sur place.<\/p>\n<p><strong><em>Voyage pr\u00e9vu :<\/em><\/strong><\/p>\n<p>2026 : Malte<\/p>\n<p><strong><em>Voyages r\u00e9alis\u00e9s :<\/em><\/strong><\/p>\n<p>2023 : Jersey (d\u00e9pendance de la Couronne britannique)<\/p>\n<p>2020 : voyage annul\u00e9<\/p>\n<p>2019 : 8 jours \u00e0 Moscou et St P\u00e9tersbourg (Russie)<\/p>\n<p>2018 : 7 jours en Toscane (Italie)<\/p>\n<p>2016 : 7 jours en Andalousie (Espagne)<\/p>\n<p>2015 : 6 jours \u00e0 Lisbonne (Portugal)<\/p>\n<p>2014 : 5 jours \u00e0 Dublin (Irlande)<\/p>\n<p>2013 : 5 jours \u00e0 San Sebastien et Bilbao (Espagne)<\/p>\n<p>2012 : 6 jours \u00e0 Wroclaw et Krakow (Pologne)<\/p>\n<p>2011 : 4 jours \u00e0 Londres (Angleterre)<\/p>\n<p>2010 : 4 jours \u00e0 Edimbourg (Ecosse)<\/p>\n<p><img loading=\"lazy\" class=\"alignnone  wp-image-3512\" src=\"http:\/\/tousazimuts-asso.fr\/wp-content\/uploads\/2023\/05\/342220885_243434694816767_8216297857301686959_n-300x225.jpg\" alt=\"\" width=\"590\" height=\"442\" srcset=\"https:\/\/tousazimuts-asso.fr\/wp-content\/uploads\/2023\/05\/342220885_243434694816767_8216297857301686959_n-300x225.jpg 300w, https:\/\/tousazimuts-asso.fr\/wp-content\/uploads\/2023\/05\/342220885_243434694816767_8216297857301686959_n-1024x768.jpg 1024w, https:\/\/tousazimuts-asso.fr\/wp-content\/uploads\/2023\/05\/342220885_243434694816767_8216297857301686959_n-768x576.jpg 768w, https:\/\/tousazimuts-asso.fr\/wp-content\/uploads\/2023\/05\/342220885_243434694816767_8216297857301686959_n-1536x1152.jpg 1536w, https:\/\/tousazimuts-asso.fr\/wp-content\/uploads\/2023\/05\/342220885_243434694816767_8216297857301686959_n.jpg 1920w\" sizes=\"(max-width: 590px) 100vw, 590px\" \/><\/p>\n<p>Groupe Jersey<\/p>\n<div id=\"attachment_709\" style=\"width: 588px\" class=\"wp-caption aligncenter\"><a href=\"http:\/\/tousazimuts-asso.fr\/wp-content\/uploads\/2017\/02\/RIMG1201.jpg\"><img aria-describedby=\"caption-attachment-709\" loading=\"lazy\" class=\" wp-image-709\" src=\"http:\/\/tousazimuts-asso.fr\/wp-content\/uploads\/2017\/02\/RIMG1201.jpg\" alt=\"\" width=\"578\" height=\"325\" srcset=\"https:\/\/tousazimuts-asso.fr\/wp-content\/uploads\/2017\/02\/RIMG1201.jpg 934w, https:\/\/tousazimuts-asso.fr\/wp-content\/uploads\/2017\/02\/RIMG1201-300x169.jpg 300w, https:\/\/tousazimuts-asso.fr\/wp-content\/uploads\/2017\/02\/RIMG1201-768x433.jpg 768w, https:\/\/tousazimuts-asso.fr\/wp-content\/uploads\/2017\/02\/RIMG1201-370x208.jpg 370w\" sizes=\"(max-width: 578px) 100vw, 578px\" \/><\/a><p id=\"caption-attachment-709\" class=\"wp-caption-text\">Bon anniversaire Ian !!!<\/p><\/div>\n<div id=\"attachment_707\" style=\"width: 588px\" class=\"wp-caption aligncenter\"><a href=\"http:\/\/tousazimuts-asso.fr\/wp-content\/uploads\/2017\/02\/Photo-groupe-Alhambra.jpg\"><img aria-describedby=\"caption-attachment-707\" loading=\"lazy\" class=\" wp-image-707\" src=\"http:\/\/tousazimuts-asso.fr\/wp-content\/uploads\/2017\/02\/Photo-groupe-Alhambra.jpg\" alt=\"\" width=\"578\" height=\"434\" srcset=\"https:\/\/tousazimuts-asso.fr\/wp-content\/uploads\/2017\/02\/Photo-groupe-Alhambra.jpg 922w, https:\/\/tousazimuts-asso.fr\/wp-content\/uploads\/2017\/02\/Photo-groupe-Alhambra-300x225.jpg 300w, https:\/\/tousazimuts-asso.fr\/wp-content\/uploads\/2017\/02\/Photo-groupe-Alhambra-768x576.jpg 768w, https:\/\/tousazimuts-asso.fr\/wp-content\/uploads\/2017\/02\/Photo-groupe-Alhambra-370x278.jpg 370w\" sizes=\"(max-width: 578px) 100vw, 578px\" \/><\/a><p id=\"caption-attachment-707\" class=\"wp-caption-text\">Le groupe devant l&rsquo;Alhambra<\/p><\/div>\n<div id=\"attachment_708\" style=\"width: 586px\" class=\"wp-caption aligncenter\"><a href=\"http:\/\/tousazimuts-asso.fr\/wp-content\/uploads\/2017\/02\/Photo-groupe-gare02.jpg\"><img aria-describedby=\"caption-attachment-708\" loading=\"lazy\" class=\" wp-image-708\" src=\"http:\/\/tousazimuts-asso.fr\/wp-content\/uploads\/2017\/02\/Photo-groupe-gare02.jpg\" alt=\"\" width=\"576\" height=\"432\" srcset=\"https:\/\/tousazimuts-asso.fr\/wp-content\/uploads\/2017\/02\/Photo-groupe-gare02.jpg 816w, https:\/\/tousazimuts-asso.fr\/wp-content\/uploads\/2017\/02\/Photo-groupe-gare02-300x225.jpg 300w, https:\/\/tousazimuts-asso.fr\/wp-content\/uploads\/2017\/02\/Photo-groupe-gare02-768x576.jpg 768w, https:\/\/tousazimuts-asso.fr\/wp-content\/uploads\/2017\/02\/Photo-groupe-gare02-370x278.jpg 370w\" sizes=\"(max-width: 576px) 100vw, 576px\" \/><\/a><p id=\"caption-attachment-708\" class=\"wp-caption-text\">Pr\u00eats pour le d\u00e9part&#8230;<\/p><\/div>\n","protected":false},"excerpt":{"rendered":"<p>Chaque ann\u00e9e, l&rsquo;\u00e9quipe de Tous Azimuts propose un voyage \u00e0 ses adh\u00e9rents et leur famille, pendant les vacances de printemps. Les destinations propos\u00e9es sont prioritairement des pays parlant les langues pratiqu\u00e9es dans les ateliers. L&rsquo;intervenant de la langue concern\u00e9e est alors notre guide et traducteur sur place. Voyage pr\u00e9vu : 2026 : Malte Voyages r\u00e9alis\u00e9s [&hellip;]<\/p>\n","protected":false},"author":1,"featured_media":0,"parent":3304,"menu_order":0,"comment_status":"closed","ping_status":"closed","template":"","meta":[],"_links":{"self":[{"href":"https:\/\/tousazimuts-asso.fr\/index.php\/wp-json\/wp\/v2\/pages\/3276"}],"collection":[{"href":"https:\/\/tousazimuts-asso.fr\/index.php\/wp-json\/wp\/v2\/pages"}],"about":[{"href":"https:\/\/tousazimuts-asso.fr\/index.php\/wp-json\/wp\/v2\/types\/page"}],"author":[{"embeddable":true,"href":"https:\/\/tousazimuts-asso.fr\/index.php\/wp-json\/wp\/v2\/users\/1"}],"replies":[{"embeddable":true,"href":"https:\/\/tousazimuts-asso.fr\/index.php\/wp-json\/wp\/v2\/comments?post=3276"}],"version-history":[{"count":14,"href":"https:\/\/tousazimuts-asso.fr\/index.php\/wp-json\/wp\/v2\/pages\/3276\/revisions"}],"predecessor-version":[{"id":3774,"href":"https:\/\/tousazimuts-asso.fr\/index.php\/wp-json\/wp\/v2\/pages\/3276\/revisions\/3774"}],"up":[{"embeddable":true,"href":"https:\/\/tousazimuts-asso.fr\/index.php\/wp-json\/wp\/v2\/pages\/3304"}],"wp:attachment":[{"href":"https:\/\/tousazimuts-asso.fr\/index.php\/wp-json\/wp\/v2\/media?parent=3276"}],"curies":[{"name":"wp","href":"https:\/\/api.w.org\/{rel}","templated":true}]}}