{"id":3282,"date":"2019-09-06T12:30:20","date_gmt":"2019-09-06T11:30:20","guid":{"rendered":"http:\/\/tousazimuts-asso.fr\/?page_id=3282"},"modified":"2019-09-07T09:55:23","modified_gmt":"2019-09-07T08:55:23","slug":"spectacles","status":"publish","type":"page","link":"https:\/\/tousazimuts-asso.fr\/index.php\/autres-activites\/spectacles\/","title":{"rendered":"Spectacles"},"content":{"rendered":"\n<p>Tous les membres de Tous Azimuts sont invit\u00e9s \u00e0 s\u2019associer \u00e0 cet \u00e9v\u00e8nement festif, qui propose en premi\u00e8re partie de soir\u00e9e un concert multilingue pour lequel vous serez invit\u00e9(e)s \u00e0 vous pr\u00e9parer via des r\u00e9p\u00e9titions hebdomadaires \u00e0 partir du mois de mai : l\u2019amusement et le challenge sont au rendez-vous\u00a0! Ou en venant applaudir vos camarades sur sc\u00e8ne\u00a0!<\/p>\n<p>Des repr\u00e9sentations \u00e9clectiques et le verre de l\u2019amiti\u00e9, autour d\u2019un buffet sal\u00e9-sucr\u00e9, compl\u00e8tent cette soir\u00e9e conviviale, \u00e0 ne manquer sous aucun pr\u00e9texte\u00a0!<\/p>\n<p><a href=\"http:\/\/tousazimuts-asso.fr\/wp-content\/uploads\/2019\/09\/P6243366.jpg\"><img loading=\"lazy\" class=\"size-full wp-image-3348\" src=\"http:\/\/tousazimuts-asso.fr\/wp-content\/uploads\/2019\/09\/P6243366.jpg\" alt=\"\" width=\"1920\" height=\"1440\" srcset=\"https:\/\/tousazimuts-asso.fr\/wp-content\/uploads\/2019\/09\/P6243366.jpg 1920w, https:\/\/tousazimuts-asso.fr\/wp-content\/uploads\/2019\/09\/P6243366-300x225.jpg 300w, https:\/\/tousazimuts-asso.fr\/wp-content\/uploads\/2019\/09\/P6243366-768x576.jpg 768w, https:\/\/tousazimuts-asso.fr\/wp-content\/uploads\/2019\/09\/P6243366-1024x768.jpg 1024w\" sizes=\"(max-width: 1920px) 100vw, 1920px\" \/><\/a><\/p>\n","protected":false},"excerpt":{"rendered":"<p>Tous les membres de Tous Azimuts sont invit\u00e9s \u00e0 s\u2019associer \u00e0 cet \u00e9v\u00e8nement festif, qui propose en premi\u00e8re partie de soir\u00e9e un concert multilingue pour lequel vous serez invit\u00e9(e)s \u00e0 vous pr\u00e9parer via des r\u00e9p\u00e9titions hebdomadaires \u00e0 partir du mois de mai : l\u2019amusement et le challenge sont au rendez-vous\u00a0! Ou en venant applaudir vos [&hellip;]<\/p>\n","protected":false},"author":1,"featured_media":0,"parent":3304,"menu_order":0,"comment_status":"closed","ping_status":"closed","template":"","meta":[],"_links":{"self":[{"href":"https:\/\/tousazimuts-asso.fr\/index.php\/wp-json\/wp\/v2\/pages\/3282"}],"collection":[{"href":"https:\/\/tousazimuts-asso.fr\/index.php\/wp-json\/wp\/v2\/pages"}],"about":[{"href":"https:\/\/tousazimuts-asso.fr\/index.php\/wp-json\/wp\/v2\/types\/page"}],"author":[{"embeddable":true,"href":"https:\/\/tousazimuts-asso.fr\/index.php\/wp-json\/wp\/v2\/users\/1"}],"replies":[{"embeddable":true,"href":"https:\/\/tousazimuts-asso.fr\/index.php\/wp-json\/wp\/v2\/comments?post=3282"}],"version-history":[{"count":4,"href":"https:\/\/tousazimuts-asso.fr\/index.php\/wp-json\/wp\/v2\/pages\/3282\/revisions"}],"predecessor-version":[{"id":3357,"href":"https:\/\/tousazimuts-asso.fr\/index.php\/wp-json\/wp\/v2\/pages\/3282\/revisions\/3357"}],"up":[{"embeddable":true,"href":"https:\/\/tousazimuts-asso.fr\/index.php\/wp-json\/wp\/v2\/pages\/3304"}],"wp:attachment":[{"href":"https:\/\/tousazimuts-asso.fr\/index.php\/wp-json\/wp\/v2\/media?parent=3282"}],"curies":[{"name":"wp","href":"https:\/\/api.w.org\/{rel}","templated":true}]}}