{"id":3539,"date":"2023-05-31T16:16:51","date_gmt":"2023-05-31T15:16:51","guid":{"rendered":"https:\/\/tousazimuts-asso.fr\/?page_id=3539"},"modified":"2025-08-28T16:44:00","modified_gmt":"2025-08-28T15:44:00","slug":"inscriptions","status":"publish","type":"page","link":"https:\/\/tousazimuts-asso.fr\/index.php\/inscriptions\/","title":{"rendered":"Inscriptions"},"content":{"rendered":"<p>Nous utilisons\u00a0<b>COMITI<\/b> pour la gestion et le paiement de votre adh\u00e9sion.<\/p>\n<p>Voici la d\u00e9marche \u00e0 suivre :\u00a0<a href=\"http:\/\/tousazimuts-asso.fr\/wp-content\/uploads\/2025\/08\/Tuto-inscription.pdf\">Tuto inscription Comiti<\/a><\/p>\n<h3 class=\"uael-timeline-heading elementor-inline-editing pen\" contenteditable=\"true\" data-elementor-setting-key=\"timelines.0.timeline_single_heading\" data-elementor-inline-editing-toolbar=\"none\" data-pen-placeholder=\"\u00c9crivez ici...\">1.Cr\u00e9ez votre compte\/ famille sur Comiti :<\/h3>\n<p><a href=\"https:\/\/tousazimuts.comiti-sport.fr\/#register-modal\"><img loading=\"lazy\" class=\"alignnone wp-image-3537\" src=\"http:\/\/tousazimuts-asso.fr\/wp-content\/uploads\/2023\/05\/bouton_inscription-4-300x144.jpg\" alt=\"\" width=\"123\" height=\"59\" srcset=\"https:\/\/tousazimuts-asso.fr\/wp-content\/uploads\/2023\/05\/bouton_inscription-4-300x144.jpg 300w, https:\/\/tousazimuts-asso.fr\/wp-content\/uploads\/2023\/05\/bouton_inscription-4.jpg 451w\" sizes=\"(max-width: 123px) 100vw, 123px\" \/><\/a><\/p>\n<h3>2. Choisir son ou ses ateliers, pour moi et\/ou un membre de ma famille.<\/h3>\n<p>Important, il ne vous sera demand\u00e9 qu&rsquo;<strong>une seule cotisation par famille<\/strong> (une famille correspond \u00e0 <strong>un parent et son (ses) enfant(s)).\u00a0<\/strong><\/p>\n<p>Pour les adultes, une seule cotisation vous sera demand\u00e9e par an et le nombre d&rsquo;atelier est illimit\u00e9.<\/p>\n<h3>3. Information sur le paiement :<\/h3>\n<p>Vous pouvez valider votre panier contenant la ou les inscriptions et payer :<\/p>\n<ul>\n<li><strong>imm\u00e9diatement <\/strong>en CB (paiement s\u00e9curis\u00e9) sur Comiti<\/li>\n<li><strong>par pr\u00e9l\u00e8vement automatique<\/strong> sur Comiti<\/li>\n<li><strong>par ch\u00e8ques ou esp\u00e8ces. <\/strong>Il faudra d\u00e9poser votre r\u00e8glement pendant les permanences ou les d\u00e9poser dans la boite aux lettres TOUS AZIMUTS, \u00e0 la MAISON DES PROJETS de Buxerolles.<\/li>\n<li><strong>par virement,\u00a0<\/strong>\u00e0 r\u00e9ception de ce dernier, l&rsquo;inscription sera valid\u00e9e.<\/li>\n<\/ul>\n<h3>4. Comment faire pour la s\u00e9ance d&rsquo;essai ?<\/h3>\n<div id=\"elementor-tab-content-9214\" class=\"elementor-tab-content elementor-clearfix elementor-active\" role=\"tabpanel\" data-tab=\"4\" aria-labelledby=\"elementor-tab-title-9214\">\n<p>Une s\u00e9ance d\u2019essai est possible, si l&rsquo;atelier n&rsquo;est pas complet, elle est payante mais sans engagement.<\/p>\n<h3>5. Documents obligatoires :<\/h3>\n<p>Pr\u00e9parer votre carte d&rsquo;adh\u00e9sion si vous \u00eates d\u00e9j\u00e0 adh\u00e9rents \u00e0 la MAISON DES PROJETS et\/ou au LOCAL.<\/p>\n<\/div>\n","protected":false},"excerpt":{"rendered":"<p>Nous utilisons\u00a0COMITI pour la gestion et le paiement de votre adh\u00e9sion. Voici la d\u00e9marche \u00e0 suivre :\u00a0Tuto inscription Comiti 1.Cr\u00e9ez votre compte\/ famille sur Comiti : 2. Choisir son ou ses ateliers, pour moi et\/ou un membre de ma famille. Important, il ne vous sera demand\u00e9 qu&rsquo;une seule cotisation par famille (une famille correspond \u00e0 [&hellip;]<\/p>\n","protected":false},"author":1,"featured_media":0,"parent":0,"menu_order":0,"comment_status":"closed","ping_status":"closed","template":"","meta":[],"_links":{"self":[{"href":"https:\/\/tousazimuts-asso.fr\/index.php\/wp-json\/wp\/v2\/pages\/3539"}],"collection":[{"href":"https:\/\/tousazimuts-asso.fr\/index.php\/wp-json\/wp\/v2\/pages"}],"about":[{"href":"https:\/\/tousazimuts-asso.fr\/index.php\/wp-json\/wp\/v2\/types\/page"}],"author":[{"embeddable":true,"href":"https:\/\/tousazimuts-asso.fr\/index.php\/wp-json\/wp\/v2\/users\/1"}],"replies":[{"embeddable":true,"href":"https:\/\/tousazimuts-asso.fr\/index.php\/wp-json\/wp\/v2\/comments?post=3539"}],"version-history":[{"count":15,"href":"https:\/\/tousazimuts-asso.fr\/index.php\/wp-json\/wp\/v2\/pages\/3539\/revisions"}],"predecessor-version":[{"id":3771,"href":"https:\/\/tousazimuts-asso.fr\/index.php\/wp-json\/wp\/v2\/pages\/3539\/revisions\/3771"}],"wp:attachment":[{"href":"https:\/\/tousazimuts-asso.fr\/index.php\/wp-json\/wp\/v2\/media?parent=3539"}],"curies":[{"name":"wp","href":"https:\/\/api.w.org\/{rel}","templated":true}]}}