{"id":3561,"date":"2023-06-03T14:38:08","date_gmt":"2023-06-03T13:38:08","guid":{"rendered":"https:\/\/tousazimuts-asso.fr\/?page_id=3561"},"modified":"2025-08-28T17:00:27","modified_gmt":"2025-08-28T16:00:27","slug":"cafe-des-langues","status":"publish","type":"page","link":"https:\/\/tousazimuts-asso.fr\/index.php\/autres-activites\/cafe-des-langues\/","title":{"rendered":"Language Caf\u00e9"},"content":{"rendered":"<p>Depuis septembre 2023, il y a du nouveau chez <a class=\"x1i10hfl xjbqb8w x6umtig x1b1mbwd xaqea5y xav7gou x9f619 x1ypdohk xt0psk2 xe8uvvx xdj266r x11i5rnm xat24cr x1mh8g0r xexx8yu x4uap5 x18d9i69 xkhd6sd x16tdsg8 x1hl2dhg xggy1nq x1a2a7pz xt0b8zv xzsf02u x1s688f\" tabindex=\"0\" role=\"link\" href=\"https:\/\/www.facebook.com\/TousAzimuts86?__tn__=-]K*F\"><span class=\"xt0psk2\">Tous Azimuts<\/span><\/a>&nbsp;: Alicia, intervenante d&rsquo;anglais embl\u00e9matique, met en place un Caf\u00e9 Linguistique.<\/p>\n<p>L&rsquo;id\u00e9e est simple : c&rsquo;est l&rsquo;opportunit\u00e9 de parler anglais dans une ambiance d\u00e9tendue. Certains soirs, une 2\u00e8me langue sera propos\u00e9e en plus de l&rsquo;anglais.<\/p>\n<p>Pour plus d&rsquo;informations : <a href=\"mailto:cafedeslangues@tousazimuts-asso.fr\">cafedeslangues@tousazimuts-asso.fr<\/a><\/p>\n<p>TARIF : 5\u20ac&nbsp;<\/p>\n<p><img loading=\"lazy\" class=\"size-large wp-image-3742 aligncenter\" src=\"http:\/\/tousazimuts-asso.fr\/wp-content\/uploads\/2025\/08\/affiche-Langage-Cafe-729x1024.jpg\" alt=\"\" width=\"656\" height=\"921\" srcset=\"https:\/\/tousazimuts-asso.fr\/wp-content\/uploads\/2025\/08\/affiche-Langage-Cafe-729x1024.jpg 729w, https:\/\/tousazimuts-asso.fr\/wp-content\/uploads\/2025\/08\/affiche-Langage-Cafe-213x300.jpg 213w, https:\/\/tousazimuts-asso.fr\/wp-content\/uploads\/2025\/08\/affiche-Langage-Cafe.jpg 747w\" sizes=\"(max-width: 656px) 100vw, 656px\" \/><\/p>\n<p><\/p>\n\n","protected":false},"excerpt":{"rendered":"<p>Depuis septembre 2023, il y a du nouveau chez Tous Azimuts&nbsp;: Alicia, intervenante d&rsquo;anglais embl\u00e9matique, met en place un Caf\u00e9 Linguistique. L&rsquo;id\u00e9e est simple : c&rsquo;est l&rsquo;opportunit\u00e9 de parler anglais dans une ambiance d\u00e9tendue. Certains soirs, une 2\u00e8me langue sera propos\u00e9e en plus de l&rsquo;anglais. Pour plus d&rsquo;informations : cafedeslangues@tousazimuts-asso.fr TARIF : 5\u20ac&nbsp;<\/p>\n","protected":false},"author":1,"featured_media":0,"parent":3304,"menu_order":0,"comment_status":"closed","ping_status":"closed","template":"","meta":[],"_links":{"self":[{"href":"https:\/\/tousazimuts-asso.fr\/index.php\/wp-json\/wp\/v2\/pages\/3561"}],"collection":[{"href":"https:\/\/tousazimuts-asso.fr\/index.php\/wp-json\/wp\/v2\/pages"}],"about":[{"href":"https:\/\/tousazimuts-asso.fr\/index.php\/wp-json\/wp\/v2\/types\/page"}],"author":[{"embeddable":true,"href":"https:\/\/tousazimuts-asso.fr\/index.php\/wp-json\/wp\/v2\/users\/1"}],"replies":[{"embeddable":true,"href":"https:\/\/tousazimuts-asso.fr\/index.php\/wp-json\/wp\/v2\/comments?post=3561"}],"version-history":[{"count":15,"href":"https:\/\/tousazimuts-asso.fr\/index.php\/wp-json\/wp\/v2\/pages\/3561\/revisions"}],"predecessor-version":[{"id":3787,"href":"https:\/\/tousazimuts-asso.fr\/index.php\/wp-json\/wp\/v2\/pages\/3561\/revisions\/3787"}],"up":[{"embeddable":true,"href":"https:\/\/tousazimuts-asso.fr\/index.php\/wp-json\/wp\/v2\/pages\/3304"}],"wp:attachment":[{"href":"https:\/\/tousazimuts-asso.fr\/index.php\/wp-json\/wp\/v2\/media?parent=3561"}],"curies":[{"name":"wp","href":"https:\/\/api.w.org\/{rel}","templated":true}]}}