{"id":3571,"date":"2023-06-03T14:56:04","date_gmt":"2023-06-03T13:56:04","guid":{"rendered":"https:\/\/tousazimuts-asso.fr\/?page_id=3571"},"modified":"2025-08-28T17:01:10","modified_gmt":"2025-08-28T16:01:10","slug":"yoga","status":"publish","type":"page","link":"https:\/\/tousazimuts-asso.fr\/index.php\/autres-activites\/yoga\/","title":{"rendered":"Yoga"},"content":{"rendered":"<p>J\u00e9r\u00f4me vous propose des ateliers de <u><b>hatha yoga.<\/b><\/u><\/p>\n<div><span style=\"color: initial;\">Ces cours ont lieu le <\/span><b style=\"color: initial;\"><u>mercredi soir, de 18h30 \u00e0 20h00<\/u><\/b><span style=\"color: initial;\">, \u00e0 la salle Sabourin de Buxerolles.<\/span><\/div>\n<div>\n<div>&nbsp;<\/div>\n<div><span style=\"color: initial;\">Merci de pr\u00e9voir d&rsquo;<\/span><u style=\"color: initial;\"><b>apporter votre tapis de yoga<\/b><\/u><span style=\"color: initial;\">, si vous en poss\u00e9dez un, et une serviette.<\/span><\/div>\n<\/div>\n<div>&nbsp;<\/div>\n<div>Tarif : 230\u20ac \/ an + adh\u00e9sion \u00e0 Tous Azimuts<\/div>\n<p>Pour vous inscrire : <a href=\"https:\/\/tousazimuts-asso.fr\/index.php\/inscriptions\/\">Inscriptions \u2013 Tous Azimuts (tousazimuts-asso.fr)<\/a><\/p>\n\n","protected":false},"excerpt":{"rendered":"<p>J\u00e9r\u00f4me vous propose des ateliers de hatha yoga. Ces cours ont lieu le mercredi soir, de 18h30 \u00e0 20h00, \u00e0 la salle Sabourin de Buxerolles. &nbsp; Merci de pr\u00e9voir d&rsquo;apporter votre tapis de yoga, si vous en poss\u00e9dez un, et une serviette. &nbsp; Tarif : 230\u20ac \/ an + adh\u00e9sion \u00e0 Tous Azimuts Pour vous [&hellip;]<\/p>\n","protected":false},"author":1,"featured_media":0,"parent":3304,"menu_order":0,"comment_status":"closed","ping_status":"closed","template":"","meta":[],"_links":{"self":[{"href":"https:\/\/tousazimuts-asso.fr\/index.php\/wp-json\/wp\/v2\/pages\/3571"}],"collection":[{"href":"https:\/\/tousazimuts-asso.fr\/index.php\/wp-json\/wp\/v2\/pages"}],"about":[{"href":"https:\/\/tousazimuts-asso.fr\/index.php\/wp-json\/wp\/v2\/types\/page"}],"author":[{"embeddable":true,"href":"https:\/\/tousazimuts-asso.fr\/index.php\/wp-json\/wp\/v2\/users\/1"}],"replies":[{"embeddable":true,"href":"https:\/\/tousazimuts-asso.fr\/index.php\/wp-json\/wp\/v2\/comments?post=3571"}],"version-history":[{"count":6,"href":"https:\/\/tousazimuts-asso.fr\/index.php\/wp-json\/wp\/v2\/pages\/3571\/revisions"}],"predecessor-version":[{"id":3788,"href":"https:\/\/tousazimuts-asso.fr\/index.php\/wp-json\/wp\/v2\/pages\/3571\/revisions\/3788"}],"up":[{"embeddable":true,"href":"https:\/\/tousazimuts-asso.fr\/index.php\/wp-json\/wp\/v2\/pages\/3304"}],"wp:attachment":[{"href":"https:\/\/tousazimuts-asso.fr\/index.php\/wp-json\/wp\/v2\/media?parent=3571"}],"curies":[{"name":"wp","href":"https:\/\/api.w.org\/{rel}","templated":true}]}}