{"id":3785,"date":"2025-08-28T16:59:16","date_gmt":"2025-08-28T15:59:16","guid":{"rendered":"https:\/\/tousazimuts-asso.fr\/?page_id=3785"},"modified":"2025-08-28T17:33:51","modified_gmt":"2025-08-28T16:33:51","slug":"oenologie","status":"publish","type":"page","link":"https:\/\/tousazimuts-asso.fr\/index.php\/autres-activites\/oenologie\/","title":{"rendered":"\u0152nologie"},"content":{"rendered":"\n<p>Une fois par mois d&rsquo;octobre \u00e0 juin, Lo\u00ebtitia vous propose de nous retrouver dans les locaux de l&rsquo;ENSMA (site du Futuroscope) \u00e0 partir de 19h pour partir \u00e0 la d\u00e9couverte des vins de France et d\u2019ailleurs.<\/p>\n<p>Consommation d\u2019alcool mod\u00e9r\u00e9e permettant de reprendre le volant apr\u00e8s l\u2019atelier.<\/p>\n<p>2 groupes :\u00a0<\/p>\n<ul>\n<li>soit les 1ers mercredis de chaque mois<\/li>\n<li>soit les 2\u00e8mes mardis de chaque mois<\/li>\n<\/ul>\n<p>Une visite sera par ailleurs propos\u00e9e un samedi (date \u00e0 d\u00e9finir avec les groupes).<\/p>\n<table>\n<tbody>\n<tr>\n<td width=\"75\">\n<p>\u00a0<\/p>\n<\/td>\n<td width=\"189\">\n<p style=\"text-align: center;\"><strong><u>Atelier du mercredi<\/u><\/strong><\/p>\n<p style=\"text-align: center;\">tous les 1ers mercredis du mois, d&rsquo;octobre \u00e0 juin<\/p>\n<p style=\"text-align: center;\">aucun ne tombe pendant les vacances scolaires ou un jour f\u00e9ri\u00e9<\/p>\n<\/td>\n<td width=\"217\">\n<p style=\"text-align: center;\"><strong><u>Atelier du mardi<\/u><\/strong><\/p>\n<p style=\"text-align: center;\">tous les 2\u00e8mes mardis du mois, d&rsquo;octobre \u00e0 juin, sauf en cas de vacances scolaires ou jour f\u00e9ri\u00e9<\/p>\n<p style=\"text-align: center;\">(en gras ci-dessous)<\/p>\n<\/td>\n<td width=\"255\">\n<p style=\"text-align: center;\"><strong><u>Th\u00e8me<\/u><\/strong><\/p>\n<\/td>\n<\/tr>\n<tr>\n<td width=\"75\">\n<p>Atelier 1<\/p>\n<\/td>\n<td width=\"189\">\n<p style=\"text-align: center;\">01\/10<\/p>\n<\/td>\n<td width=\"217\">\n<p style=\"text-align: center;\">14\/10<\/p>\n<\/td>\n<td width=\"255\">\n<p>Initiation \u00e0 la d\u00e9gustation<\/p>\n<\/td>\n<\/tr>\n<tr>\n<td width=\"75\">\n<p>Atelier 2<\/p>\n<\/td>\n<td width=\"189\">\n<p style=\"text-align: center;\">05\/11<\/p>\n<\/td>\n<td width=\"217\">\n<p style=\"text-align: center;\"><strong>04\/11<\/strong><\/p>\n<\/td>\n<td width=\"255\">\n<p>L\u2019Italie<\/p>\n<\/td>\n<\/tr>\n<tr>\n<td width=\"75\">\n<p>Atelier 3<\/p>\n<\/td>\n<td width=\"189\">\n<p style=\"text-align: center;\">03\/12<\/p>\n<\/td>\n<td width=\"217\">\n<p style=\"text-align: center;\">09\/12<\/p>\n<\/td>\n<td width=\"255\">\n<p>Les accords mets et vins<\/p>\n<\/td>\n<\/tr>\n<tr>\n<td width=\"75\">\n<p>Atelier 4<\/p>\n<\/td>\n<td width=\"189\">\n<p style=\"text-align: center;\">07\/01<\/p>\n<\/td>\n<td width=\"217\">\n<p style=\"text-align: center;\">13\/01<\/p>\n<\/td>\n<td width=\"255\">\n<p>Le vin et le fromage<\/p>\n<\/td>\n<\/tr>\n<tr>\n<td width=\"75\">\n<p>Atelier 5<\/p>\n<\/td>\n<td width=\"189\">\n<p style=\"text-align: center;\">04\/02<\/p>\n<\/td>\n<td width=\"217\">\n<p style=\"text-align: center;\"><strong>03\/02<\/strong><\/p>\n<\/td>\n<td width=\"255\">\n<p>La richesse de la Loire<\/p>\n<p>Jeu sensoriel : la vue<\/p>\n<\/td>\n<\/tr>\n<tr>\n<td width=\"75\">\n<p>Atelier 6<\/p>\n<\/td>\n<td width=\"189\">\n<p style=\"text-align: center;\">04\/03<\/p>\n<\/td>\n<td width=\"217\">\n<p style=\"text-align: center;\">10\/03<\/p>\n<\/td>\n<td width=\"255\">\n<p>Pi\u00e9mont pyr\u00e9n\u00e9en<\/p>\n<p>Jeu sensoriel : les ar\u00f4mes &#8211; le nez<\/p>\n<\/td>\n<\/tr>\n<tr>\n<td width=\"75\">\n<p>Atelier 7<\/p>\n<\/td>\n<td width=\"189\">\n<p style=\"text-align: center;\">01\/04<\/p>\n<\/td>\n<td width=\"217\">\n<p style=\"text-align: center;\"><strong>21\/04<\/strong><\/p>\n<\/td>\n<td width=\"255\">\n<p>Bordeaux vs Bourgogne<\/p>\n<p>Jeu sensoriel : les saveurs- la bouche<\/p>\n<\/td>\n<\/tr>\n<tr>\n<td width=\"75\">\n<p>Atelier 8<\/p>\n<\/td>\n<td width=\"189\">\n<p style=\"text-align: center;\">06\/05<\/p>\n<\/td>\n<td width=\"217\">\n<p style=\"text-align: center;\">12\/05<\/p>\n<\/td>\n<td width=\"255\">\n<p>Le nouveau monde et l\u2019ancien monde<\/p>\n<\/td>\n<\/tr>\n<tr>\n<td width=\"75\">\n<p>Atelier 9<\/p>\n<\/td>\n<td width=\"189\">\n<p style=\"text-align: center;\">03\/06<\/p>\n<\/td>\n<td width=\"217\">\n<p style=\"text-align: center;\">09\/06<\/p>\n<\/td>\n<td width=\"255\">\n<p>Les vins du sud de la France<\/p>\n<p>Vinification du rouge<\/p>\n<\/td>\n<\/tr>\n<\/tbody>\n<\/table>\n","protected":false},"excerpt":{"rendered":"<p>Une fois par mois d&rsquo;octobre \u00e0 juin, Lo\u00ebtitia vous propose de nous retrouver dans les locaux de l&rsquo;ENSMA (site du Futuroscope) \u00e0 partir de 19h pour partir \u00e0 la d\u00e9couverte des vins de France et d\u2019ailleurs. Consommation d\u2019alcool mod\u00e9r\u00e9e permettant de reprendre le volant apr\u00e8s l\u2019atelier. 2 groupes :\u00a0 soit les 1ers mercredis de chaque [&hellip;]<\/p>\n","protected":false},"author":1,"featured_media":0,"parent":3304,"menu_order":0,"comment_status":"closed","ping_status":"closed","template":"","meta":[],"_links":{"self":[{"href":"https:\/\/tousazimuts-asso.fr\/index.php\/wp-json\/wp\/v2\/pages\/3785"}],"collection":[{"href":"https:\/\/tousazimuts-asso.fr\/index.php\/wp-json\/wp\/v2\/pages"}],"about":[{"href":"https:\/\/tousazimuts-asso.fr\/index.php\/wp-json\/wp\/v2\/types\/page"}],"author":[{"embeddable":true,"href":"https:\/\/tousazimuts-asso.fr\/index.php\/wp-json\/wp\/v2\/users\/1"}],"replies":[{"embeddable":true,"href":"https:\/\/tousazimuts-asso.fr\/index.php\/wp-json\/wp\/v2\/comments?post=3785"}],"version-history":[{"count":4,"href":"https:\/\/tousazimuts-asso.fr\/index.php\/wp-json\/wp\/v2\/pages\/3785\/revisions"}],"predecessor-version":[{"id":3794,"href":"https:\/\/tousazimuts-asso.fr\/index.php\/wp-json\/wp\/v2\/pages\/3785\/revisions\/3794"}],"up":[{"embeddable":true,"href":"https:\/\/tousazimuts-asso.fr\/index.php\/wp-json\/wp\/v2\/pages\/3304"}],"wp:attachment":[{"href":"https:\/\/tousazimuts-asso.fr\/index.php\/wp-json\/wp\/v2\/media?parent=3785"}],"curies":[{"name":"wp","href":"https:\/\/api.w.org\/{rel}","templated":true}]}}