{"id":637,"date":"2018-08-20T17:16:02","date_gmt":"2018-08-20T16:16:02","guid":{"rendered":"http:\/\/tousazimuts-asso.fr\/?page_id=637"},"modified":"2023-07-03T20:15:14","modified_gmt":"2023-07-03T19:15:14","slug":"evenements","status":"publish","type":"page","link":"https:\/\/tousazimuts-asso.fr\/index.php\/page-1\/evenements\/","title":{"rendered":"Notre \u00e9quipe"},"content":{"rendered":"<p>L&rsquo;\u00e9quipe de Juin 2023 :<\/p>\n<p><img loading=\"lazy\" class=\"wp-image-3617 aligncenter\" src=\"http:\/\/tousazimuts-asso.fr\/wp-content\/uploads\/2023\/07\/TROMBINOSCOPE-TS-AZ-JUIN-20231-300x161.jpg\" alt=\"\" width=\"859\" height=\"461\" srcset=\"https:\/\/tousazimuts-asso.fr\/wp-content\/uploads\/2023\/07\/TROMBINOSCOPE-TS-AZ-JUIN-20231-300x161.jpg 300w, https:\/\/tousazimuts-asso.fr\/wp-content\/uploads\/2023\/07\/TROMBINOSCOPE-TS-AZ-JUIN-20231-1024x549.jpg 1024w, https:\/\/tousazimuts-asso.fr\/wp-content\/uploads\/2023\/07\/TROMBINOSCOPE-TS-AZ-JUIN-20231-768x412.jpg 768w, https:\/\/tousazimuts-asso.fr\/wp-content\/uploads\/2023\/07\/TROMBINOSCOPE-TS-AZ-JUIN-20231-1536x823.jpg 1536w, https:\/\/tousazimuts-asso.fr\/wp-content\/uploads\/2023\/07\/TROMBINOSCOPE-TS-AZ-JUIN-20231.jpg 1920w\" sizes=\"(max-width: 859px) 100vw, 859px\" \/><\/p>\n<p>La nouvelle \u00e9quipe 2022-2023 :<\/p>\n<p><img loading=\"lazy\" class=\" wp-image-3486 aligncenter\" src=\"http:\/\/tousazimuts-asso.fr\/wp-content\/uploads\/2022\/09\/Trombinoscope-Sept-2022-300x149.jpg\" alt=\"\" width=\"725\" height=\"360\" srcset=\"https:\/\/tousazimuts-asso.fr\/wp-content\/uploads\/2022\/09\/Trombinoscope-Sept-2022-300x149.jpg 300w, https:\/\/tousazimuts-asso.fr\/wp-content\/uploads\/2022\/09\/Trombinoscope-Sept-2022-1024x507.jpg 1024w, https:\/\/tousazimuts-asso.fr\/wp-content\/uploads\/2022\/09\/Trombinoscope-Sept-2022-768x380.jpg 768w, https:\/\/tousazimuts-asso.fr\/wp-content\/uploads\/2022\/09\/Trombinoscope-Sept-2022-1536x761.jpg 1536w, https:\/\/tousazimuts-asso.fr\/wp-content\/uploads\/2022\/09\/Trombinoscope-Sept-2022.jpg 1920w\" sizes=\"(max-width: 725px) 100vw, 725px\" \/><\/p>\n<p>Une partie de l&rsquo;\u00e9quipe 2019-20 :<\/p>\n<p><a href=\"http:\/\/tousazimuts-asso.fr\/wp-content\/uploads\/2019\/09\/Photo-de-rentr\u00e9e_1710.jpg\"><img loading=\"lazy\" class=\"alignnone wp-image-3340 size-full\" src=\"http:\/\/tousazimuts-asso.fr\/wp-content\/uploads\/2019\/09\/Photo-de-rentr\u00e9e_1710-e1567844868772.jpg\" alt=\"\" width=\"1680\" height=\"994\" srcset=\"https:\/\/tousazimuts-asso.fr\/wp-content\/uploads\/2019\/09\/Photo-de-rentr\u00e9e_1710-e1567844868772.jpg 1680w, https:\/\/tousazimuts-asso.fr\/wp-content\/uploads\/2019\/09\/Photo-de-rentr\u00e9e_1710-e1567844868772-300x178.jpg 300w, https:\/\/tousazimuts-asso.fr\/wp-content\/uploads\/2019\/09\/Photo-de-rentr\u00e9e_1710-e1567844868772-768x454.jpg 768w, https:\/\/tousazimuts-asso.fr\/wp-content\/uploads\/2019\/09\/Photo-de-rentr\u00e9e_1710-e1567844868772-1024x606.jpg 1024w\" sizes=\"(max-width: 1680px) 100vw, 1680px\" \/><\/a><\/p>\n<p>L&rsquo;\u00e9quipe 2018-19 au complet :<\/p>\n<p><img loading=\"lazy\" class=\"size-full wp-image-1102 aligncenter\" src=\"http:\/\/tousazimuts-asso.fr\/wp-content\/uploads\/2019\/01\/Whos-who-Pas-FLOU.jpg\" alt=\"\" width=\"527\" height=\"730\" srcset=\"https:\/\/tousazimuts-asso.fr\/wp-content\/uploads\/2019\/01\/Whos-who-Pas-FLOU.jpg 527w, https:\/\/tousazimuts-asso.fr\/wp-content\/uploads\/2019\/01\/Whos-who-Pas-FLOU-217x300.jpg 217w, https:\/\/tousazimuts-asso.fr\/wp-content\/uploads\/2019\/01\/Whos-who-Pas-FLOU-370x513.jpg 370w\" sizes=\"(max-width: 527px) 100vw, 527px\" \/><\/p>\n","protected":false},"excerpt":{"rendered":"<p>L&rsquo;\u00e9quipe de Juin 2023 : La nouvelle \u00e9quipe 2022-2023 : Une partie de l&rsquo;\u00e9quipe 2019-20 : L&rsquo;\u00e9quipe 2018-19 au complet :<\/p>\n","protected":false},"author":8,"featured_media":0,"parent":120,"menu_order":3,"comment_status":"closed","ping_status":"closed","template":"","meta":[],"_links":{"self":[{"href":"https:\/\/tousazimuts-asso.fr\/index.php\/wp-json\/wp\/v2\/pages\/637"}],"collection":[{"href":"https:\/\/tousazimuts-asso.fr\/index.php\/wp-json\/wp\/v2\/pages"}],"about":[{"href":"https:\/\/tousazimuts-asso.fr\/index.php\/wp-json\/wp\/v2\/types\/page"}],"author":[{"embeddable":true,"href":"https:\/\/tousazimuts-asso.fr\/index.php\/wp-json\/wp\/v2\/users\/8"}],"replies":[{"embeddable":true,"href":"https:\/\/tousazimuts-asso.fr\/index.php\/wp-json\/wp\/v2\/comments?post=637"}],"version-history":[{"count":11,"href":"https:\/\/tousazimuts-asso.fr\/index.php\/wp-json\/wp\/v2\/pages\/637\/revisions"}],"predecessor-version":[{"id":3618,"href":"https:\/\/tousazimuts-asso.fr\/index.php\/wp-json\/wp\/v2\/pages\/637\/revisions\/3618"}],"up":[{"embeddable":true,"href":"https:\/\/tousazimuts-asso.fr\/index.php\/wp-json\/wp\/v2\/pages\/120"}],"wp:attachment":[{"href":"https:\/\/tousazimuts-asso.fr\/index.php\/wp-json\/wp\/v2\/media?parent=637"}],"curies":[{"name":"wp","href":"https:\/\/api.w.org\/{rel}","templated":true}]}}